{"id":4305,"date":"2023-11-22T00:35:55","date_gmt":"2023-11-22T00:35:55","guid":{"rendered":"https:\/\/biosano.cl\/?page_id=4305"},"modified":"2025-01-30T14:45:24","modified_gmt":"2025-01-30T14:45:24","slug":"products","status":"publish","type":"page","link":"https:\/\/biosano.cl\/en\/products\/","title":{"rendered":"Products"},"content":{"rendered":"<div data-elementor-type=\"wp-page\" data-elementor-id=\"4305\" class=\"elementor elementor-4305\">\n\t\t\t\t\t\t\t\t\t<div class=\"elementor-section elementor-top-section elementor-element elementor-element-2ceb4689 elementor-section-full_width elementor-section-stretched elementor-section-height-default elementor-section-height-default\" data-id=\"2ceb4689\" data-element_type=\"section\" data-settings=\"{&quot;background_background&quot;:&quot;classic&quot;,&quot;stretch_section&quot;:&quot;section-stretched&quot;}\">\n\t\t\t\t\t\t<div class=\"elementor-container elementor-column-gap-default\">\n\t\t\t\t\t<div class=\"elementor-column elementor-col-100 elementor-top-column elementor-element elementor-element-5c2ee85f\" data-id=\"5c2ee85f\" data-element_type=\"column\" data-settings=\"{&quot;background_background&quot;:&quot;classic&quot;}\">\n\t\t\t<div class=\"elementor-widget-wrap elementor-element-populated\">\n\t\t\t\t\t\t\t\t<div class=\"elementor-element elementor-element-68e8739c elementor-widget elementor-widget-slider_revolution\" data-id=\"68e8739c\" data-element_type=\"widget\" data-widget_type=\"slider_revolution.default\">\n\t\t\t\t<div class=\"elementor-widget-container\">\n\t\t\t\n\t\t<div class=\"wp-block-themepunch-revslider\">  \n\t\t\t<!-- START Home EN REVOLUTION SLIDER 6.6.11 --><p class=\"rs-p-wp-fix\"><\/p>\n\t\t\t<rs-module-wrap id=\"rev_slider_13_1_wrapper\" data-source=\"gallery\" style=\"visibility:hidden;background:transparent;padding:0;margin:0px auto;margin-top:0;margin-bottom:0;\">\n\t\t\t\t<rs-module id=\"rev_slider_13_1\" style=\"\" data-version=\"6.6.11\">\n\t\t\t\t\t<rs-slides style=\"overflow: hidden; position: absolute;\">\n\t\t\t\t\t\t<rs-slide style=\"position: absolute;\" data-key=\"rs-30\" data-title=\"Slide\" data-thumb=\"\/\/biosano.cl\/wp-content\/uploads\/2023\/03\/fondoproductos005-50x100.jpg\" data-duration=\"5000ms\" data-in=\"o:0;\" data-out=\"a:false;\">\n\t\t\t\t\t\t\t<img decoding=\"async\" src=\"https:\/\/biosano.cl\/wp-content\/uploads\/2024\/04\/QUALITY-and-safety.png\" alt=\"\" title=\"fondoproductos005\" width=\"2078\" height=\"929\" class=\"rev-slidebg tp-rs-img rs-lazyload\" data-lazyload=\"\/\/biosano.cl\/wp-content\/uploads\/2023\/03\/fondoproductos005.jpg\" data-panzoom=\"d:5000ms;ss:100;se:105%;os:0px\/0;oe:-80px\/0px;\" data-no-retina>\n<!--\n\t\t\t\t\t\t\t--><rs-layer\n\t\t\t\t\t\t\t\tid=\"slider-13-slide-30-layer-4\" \n\t\t\t\t\t\t\t\tdata-type=\"image\"\n\t\t\t\t\t\t\t\tdata-rsp_ch=\"on\"\n\t\t\t\t\t\t\t\tdata-xy=\"xo:288px,261px,105px,56px;yo:62px,203px,243px,269px;\"\n\t\t\t\t\t\t\t\tdata-text=\"w:normal;s:20,16,9,5;l:0,20,12,7;\"\n\t\t\t\t\t\t\t\tdata-dim=\"w:446px,374px,335px,295px;h:557px,182px,163px,143px;\"\n\t\t\t\t\t\t\t\tdata-frame_0=\"rX:-70deg;oZ:-50;\"\n\t\t\t\t\t\t\t\tdata-frame_1=\"oZ:-50;e:power4.inOut;st:1150;sp:1750;sR:1150;\"\n\t\t\t\t\t\t\t\tdata-frame_999=\"o:0;st:w;sR:6100;\"\n\t\t\t\t\t\t\t\tstyle=\"z-index:6;\"\n\t\t\t\t\t\t\t><img decoding=\"async\" src=\"https:\/\/biosano.cl\/wp-content\/uploads\/2024\/04\/QUALITY-and-safety.png\" alt=\"\" class=\"tp-rs-img rs-lazyload\" width=\"977\" height=\"1220\" data-lazyload=\"\/\/biosano.cl\/wp-content\/uploads\/2024\/05\/Picture13.png\" data-no-retina> \n\t\t\t\t\t\t\t<\/rs-layer><!--\n-->\t\t\t\t\t\t<\/rs-slide>\n\t\t\t\t\t\t<rs-slide style=\"position: absolute;\" data-key=\"rs-31\" data-title=\"Slide\" data-thumb=\"\/\/biosano.cl\/wp-content\/uploads\/2023\/03\/fondoproductos004-50x100.jpg\" data-duration=\"5000ms\" data-in=\"o:0;\" data-out=\"a:false;\">\n\t\t\t\t\t\t\t<img decoding=\"async\" src=\"https:\/\/biosano.cl\/wp-content\/uploads\/2024\/04\/QUALITY-and-safety.png\" alt=\"\" title=\"fondoproductos004\" width=\"2078\" height=\"929\" class=\"rev-slidebg tp-rs-img rs-lazyload\" data-lazyload=\"\/\/biosano.cl\/wp-content\/uploads\/2023\/03\/fondoproductos004.jpg\" data-panzoom=\"d:5000ms;ss:105%;se:100%;os:-80px\/0px;oe:0px\/0px;\" data-no-retina>\n<!--\n\t\t\t\t\t\t\t--><rs-layer\n\t\t\t\t\t\t\t\tid=\"slider-13-slide-31-layer-5\" \n\t\t\t\t\t\t\t\tdata-type=\"image\"\n\t\t\t\t\t\t\t\tdata-rsp_ch=\"on\"\n\t\t\t\t\t\t\t\tdata-xy=\"xo:285px,154px,158px,75px;yo:27px,204px,223px,238px;\"\n\t\t\t\t\t\t\t\tdata-text=\"w:normal;s:20,16,9,5;l:0,20,12,7;\"\n\t\t\t\t\t\t\t\tdata-dim=\"w:496px,504px,419px,335px;h:619px,155px,129px,103px;\"\n\t\t\t\t\t\t\t\tdata-frame_0=\"rX:70deg;oZ:-50;\"\n\t\t\t\t\t\t\t\tdata-frame_1=\"oZ:-50;e:power4.inOut;sp:1750;\"\n\t\t\t\t\t\t\t\tdata-frame_999=\"o:0;st:w;\"\n\t\t\t\t\t\t\t\tstyle=\"z-index:5;\"\n\t\t\t\t\t\t\t><img decoding=\"async\" src=\"https:\/\/biosano.cl\/wp-content\/uploads\/2024\/04\/QUALITY-and-safety.png\" alt=\"\" class=\"tp-rs-img rs-lazyload\" width=\"977\" height=\"1220\" data-lazyload=\"\/\/biosano.cl\/wp-content\/uploads\/2024\/05\/Picture14.png\" data-no-retina> \n\t\t\t\t\t\t\t<\/rs-layer><!--\n-->\t\t\t\t\t\t<\/rs-slide>\n\t\t\t\t\t\t<rs-slide style=\"position: absolute;\" data-key=\"rs-32\" data-title=\"Slide\" data-thumb=\"\/\/biosano.cl\/wp-content\/uploads\/revslider\/video-media\/closeup-of-syringe-and-ampoules-with-vaccine-again-2022-07-21-08-11-55-utc_1_29-50x100.jpeg\" data-duration=\"6000ms\" data-in=\"o:0;\" data-out=\"a:false;\">\n\t\t\t\t\t\t\t<img decoding=\"async\" src=\"https:\/\/biosano.cl\/wp-content\/uploads\/2024\/04\/QUALITY-and-safety.png\" alt=\"\" title=\"closeup-of-syringe-and-ampoules-with-vaccine-again-2022-07-21-08-11-55-utc_1_29.jpeg\" width=\"1280\" height=\"720\" class=\"rev-slidebg tp-rs-img rs-lazyload\" data-lazyload=\"\/\/biosano.cl\/wp-content\/uploads\/revslider\/video-media\/closeup-of-syringe-and-ampoules-with-vaccine-again-2022-07-21-08-11-55-utc_1_29.jpeg\" data-no-retina>\n\t\t\t\t\t\t\t<rs-bgvideo \n\t\t\t\t\t\t\t\tdata-video=\"w:100%;h:100%;nse:false;l:true;ptimer:false;vfc:true;\"\n\t\t\t\t\t\t\t\tdata-mp4=\"\/\/biosano.cl\/wp-content\/uploads\/2023\/03\/closeup-of-syringe-and-ampoules-with-vaccine-again-2022-07-21-08-11-55-utc_1.mp4\"\n\t\t\t\t\t\t\t><\/rs-bgvideo>\n<!--\n\t\t\t\t\t\t\t--><rs-layer\n\t\t\t\t\t\t\t\tid=\"slider-13-slide-32-layer-0\" \n\t\t\t\t\t\t\t\tdata-type=\"image\"\n\t\t\t\t\t\t\t\tdata-rsp_ch=\"on\"\n\t\t\t\t\t\t\t\tdata-xy=\"xo:205px,194px,85px,40px;yo:268px,244px,257px,242px;\"\n\t\t\t\t\t\t\t\tdata-text=\"w:normal;s:20,16,9,5;l:0,20,12,7;\"\n\t\t\t\t\t\t\t\tdata-dim=\"w:509px,439px,368px,309px;h:165px,143px,120px,100px;\"\n\t\t\t\t\t\t\t\tdata-frame_0=\"rX:-70deg;oZ:-50;\"\n\t\t\t\t\t\t\t\tdata-frame_1=\"oZ:-50;e:power4.inOut;st:910;sp:1750;sR:910;\"\n\t\t\t\t\t\t\t\tdata-frame_999=\"o:0;st:w;sR:6340;\"\n\t\t\t\t\t\t\t\tstyle=\"z-index:8;\"\n\t\t\t\t\t\t\t><img decoding=\"async\" src=\"https:\/\/biosano.cl\/wp-content\/uploads\/2024\/04\/QUALITY-and-safety.png\" alt=\"\" class=\"tp-rs-img rs-lazyload\" width=\"1080\" height=\"351\" data-lazyload=\"\/\/biosano.cl\/wp-content\/uploads\/2023\/03\/fraseproductos006.png\" data-no-retina> \n\t\t\t\t\t\t\t<\/rs-layer><!--\n\n\t\t\t\t\t\t\t--><rs-layer\n\t\t\t\t\t\t\t\tid=\"slider-13-slide-32-layer-2\" \n\t\t\t\t\t\t\t\tdata-type=\"image\"\n\t\t\t\t\t\t\t\tdata-rsp_ch=\"on\"\n\t\t\t\t\t\t\t\tdata-xy=\"xo:169px,193px,84px,39px;yo:-25px,200px,223px,194px;\"\n\t\t\t\t\t\t\t\tdata-text=\"w:normal;s:20,16,9,5;l:0,20,12,7;\"\n\t\t\t\t\t\t\t\tdata-dim=\"w:443px,363px,336px,308px;h:553px,442px,35px,32px;\"\n\t\t\t\t\t\t\t\tdata-frame_0=\"rX:70deg;oZ:-50;\"\n\t\t\t\t\t\t\t\tdata-frame_1=\"oZ:-50;e:power4.inOut;sp:1750;\"\n\t\t\t\t\t\t\t\tdata-frame_999=\"o:0;st:w;sR:7250;\"\n\t\t\t\t\t\t\t\tstyle=\"z-index:7;\"\n\t\t\t\t\t\t\t><img decoding=\"async\" src=\"https:\/\/biosano.cl\/wp-content\/uploads\/2024\/04\/QUALITY-and-safety.png\" alt=\"\" class=\"tp-rs-img rs-lazyload\" width=\"977\" height=\"1220\" data-lazyload=\"\/\/biosano.cl\/wp-content\/uploads\/2024\/05\/Picture15.png\" data-no-retina> \n\t\t\t\t\t\t\t<\/rs-layer><!--\n-->\t\t\t\t\t\t<\/rs-slide>\n\t\t\t\t\t<\/rs-slides>\n\t\t\t\t<\/rs-module>\n\t\t\t\t<script>\n\t\t\t\t\tsetREVStartSize({c: 'rev_slider_13_1',rl:[1240,1024,778,480],el:[680,550,600,600],gw:[1600,1280,778,480],gh:[680,550,600,600],type:'standard',justify:'',layout:'fullwidth',mh:\"0\"});if (window.RS_MODULES!==undefined && window.RS_MODULES.modules!==undefined && window.RS_MODULES.modules[\"revslider131\"]!==undefined) {window.RS_MODULES.modules[\"revslider131\"].once = false;window.revapi13 = undefined;if (window.RS_MODULES.checkMinimal!==undefined) window.RS_MODULES.checkMinimal()}\n\t\t\t\t<\/script>\n\t\t\t<\/rs-module-wrap>\n\t\t\t<!-- END REVOLUTION SLIDER -->\n  <\/div>\n\n\t\t\t\t<\/div>\n\t\t\t\t<\/div>\n\t\t\t\t\t<\/div>\n\t\t<\/div>\n\t\t\t\t\t\t\t<\/div>\n\t\t<\/div>\n\t\t\t\t<div class=\"elementor-section elementor-top-section elementor-element elementor-element-31a8e036 elementor-section-boxed elementor-section-height-default elementor-section-height-default\" data-id=\"31a8e036\" data-element_type=\"section\" data-settings=\"{&quot;background_background&quot;:&quot;classic&quot;}\">\n\t\t\t\t\t\t<div class=\"elementor-container elementor-column-gap-default\">\n\t\t\t\t\t<div class=\"elementor-column elementor-col-50 elementor-top-column elementor-element elementor-element-259a870d\" data-id=\"259a870d\" data-element_type=\"column\">\n\t\t\t<div class=\"elementor-widget-wrap elementor-element-populated\">\n\t\t\t\t\t\t\t\t<section class=\"elementor-section elementor-inner-section elementor-element elementor-element-36b5087b elementor-section-boxed elementor-section-height-default elementor-section-height-default\" data-id=\"36b5087b\" data-element_type=\"section\">\n\t\t\t\t\t\t<div class=\"elementor-container elementor-column-gap-custom\">\n\t\t\t\t\t<div class=\"elementor-column elementor-col-33 elementor-inner-column elementor-element elementor-element-331c40b2\" data-id=\"331c40b2\" data-element_type=\"column\">\n\t\t\t<div class=\"elementor-widget-wrap elementor-element-populated\">\n\t\t\t\t\t\t\t\t<div class=\"elementor-element elementor-element-56f337d4 elementor-widget elementor-widget-pp-counter\" data-id=\"56f337d4\" data-element_type=\"widget\" data-widget_type=\"pp-counter.default\">\n\t\t\t\t<div class=\"elementor-widget-container\">\n\t\t\t\t\t<div class=\"pp-counter-container\">\n\t\t\t<div class=\"pp-counter pp-counter-56f337d4 pp-counter-layout-3\" data-target=\".pp-counter-number-56f337d4\">\n\t\t\t\t\t\t<div class=\"pp-counter-number-wrap\">\n\t\t\t\t\t\t<div class=\"pp-counter-number pp-counter-number-56f337d4\" data-from=\"0\" data-to=\"106\" data-speed=\"1500\" data-separator=\"yes\" data-separator-char=\"\">\n\t\t\t\t0\t\t\t<\/div>\n\t\t\t\t\t<\/div>\n\t\t\n\t\t\t\t\t\n\t\t\t\t\t<div class=\"pp-icon-title-wrap\">\n\t\t\t\t\t\t\t\t\t<div class=\"pp-counter-title-wrap\">\n\t\t\t\t\t\t\t\t\t<div class=\"pp-counter-title\">\n\t\t\t\t\t\tProduct references in 29 lines\t\t\t\t\t<\/div>\n\t\t\t\t\t\t\t\t<\/div>\n\t\t\t\t\t\t\t\t<\/div>\n\t\t\t\t\t\t\t<\/div>\n\t\t<\/div>\n\t\t\t\t<\/div>\n\t\t\t\t<\/div>\n\t\t\t\t\t<\/div>\n\t\t<\/div>\n\t\t\t\t<div class=\"elementor-column elementor-col-33 elementor-inner-column elementor-element elementor-element-4050d152\" data-id=\"4050d152\" data-element_type=\"column\">\n\t\t\t<div class=\"elementor-widget-wrap elementor-element-populated\">\n\t\t\t\t\t\t\t\t<div class=\"elementor-element elementor-element-77cb2bb4 elementor-widget elementor-widget-pp-counter\" data-id=\"77cb2bb4\" data-element_type=\"widget\" data-widget_type=\"pp-counter.default\">\n\t\t\t\t<div class=\"elementor-widget-container\">\n\t\t\t\t\t<div class=\"pp-counter-container\">\n\t\t\t<div class=\"pp-counter pp-counter-77cb2bb4 pp-counter-layout-3\" data-target=\".pp-counter-number-77cb2bb4\">\n\t\t\t\t\t\t<div class=\"pp-counter-number-wrap\">\n\t\t\t\t\t\t<div class=\"pp-counter-number pp-counter-number-77cb2bb4\" data-from=\"0\" data-to=\"99\" data-speed=\"1500\" data-separator=\"yes\" data-separator-char=\"\">\n\t\t\t\t0\t\t\t<\/div>\n\t\t\t\t\t<\/div>\n\t\t\n\t\t\t\t\t\n\t\t\t\t\t<div class=\"pp-icon-title-wrap\">\n\t\t\t\t\t\t\t\t\t<div class=\"pp-counter-title-wrap\">\n\t\t\t\t\t\t\t\t\t<div class=\"pp-counter-title\">\n\t\t\t\t\t\tMillion ampoules manufactured per year\t\t\t\t\t<\/div>\n\t\t\t\t\t\t\t\t<\/div>\n\t\t\t\t\t\t\t\t<\/div>\n\t\t\t\t\t\t\t<\/div>\n\t\t<\/div>\n\t\t\t\t<\/div>\n\t\t\t\t<\/div>\n\t\t\t\t\t<\/div>\n\t\t<\/div>\n\t\t\t\t<div class=\"elementor-column elementor-col-33 elementor-inner-column elementor-element elementor-element-1892eaa1\" data-id=\"1892eaa1\" data-element_type=\"column\">\n\t\t\t<div class=\"elementor-widget-wrap elementor-element-populated\">\n\t\t\t\t\t\t\t\t<div class=\"elementor-element elementor-element-5b79ee9a elementor-widget elementor-widget-pp-counter\" data-id=\"5b79ee9a\" data-element_type=\"widget\" data-widget_type=\"pp-counter.default\">\n\t\t\t\t<div class=\"elementor-widget-container\">\n\t\t\t\t\t<div class=\"pp-counter-container\">\n\t\t\t<div class=\"pp-counter pp-counter-5b79ee9a pp-counter-layout-3\" data-target=\".pp-counter-number-5b79ee9a\">\n\t\t\t\t\t\t<div class=\"pp-counter-number-wrap\">\n\t\t\t\t\t\t<div class=\"pp-counter-number pp-counter-number-5b79ee9a\" data-from=\"0\" data-to=\"16\" data-speed=\"1500\" data-separator=\"yes\" data-separator-char=\"\">\n\t\t\t\t0\t\t\t<\/div>\n\t\t\t\t\t<\/div>\n\t\t\n\t\t\t\t\t\n\t\t\t\t\t<div class=\"pp-icon-title-wrap\">\n\t\t\t\t\t\t\t\t\t<div class=\"pp-counter-title-wrap\">\n\t\t\t\t\t\t\t\t\t<div class=\"pp-counter-title\">\n\t\t\t\t\t\tCountries covered in Latin America\t\t\t\t\t<\/div>\n\t\t\t\t\t\t\t\t<\/div>\n\t\t\t\t\t\t\t\t<\/div>\n\t\t\t\t\t\t\t<\/div>\n\t\t<\/div>\n\t\t\t\t<\/div>\n\t\t\t\t<\/div>\n\t\t\t\t\t<\/div>\n\t\t<\/div>\n\t\t\t\t\t\t\t<\/div>\n\t\t<\/section>\n\t\t\t\t\t<\/div>\n\t\t<\/div>\n\t\t\t\t<div class=\"elementor-column elementor-col-50 elementor-top-column elementor-element elementor-element-41b23813\" data-id=\"41b23813\" data-element_type=\"column\">\n\t\t\t<div class=\"elementor-widget-wrap elementor-element-populated\">\n\t\t\t\t\t\t\t\t<div class=\"elementor-element elementor-element-8e2904e elementor-invisible elementor-widget elementor-widget-pp-info-box\" data-id=\"8e2904e\" data-element_type=\"widget\" data-settings=\"{&quot;_animation&quot;:&quot;fadeIn&quot;}\" data-widget_type=\"pp-info-box.default\">\n\t\t\t\t<div class=\"elementor-widget-container\">\n\t\t\t\t\t<div class=\"pp-info-box-container\">\n\t\t\t<div class=\"pp-info-box\">\n\t\t\t\t\t\t\t\t<div class=\"pp-info-box-content\">\n\t\t\t\t\t<div class=\"pp-info-box-title-wrap\">\n\t\t\t\t\t\t\t\t\t\t\t\t\t<a class=\"pp-info-box-title-container\" href=\"https:\/\/biosano.cl\/wp-content\/uploads\/2025\/01\/Portafolio-Biosano-PAG-WEB-Ene-2025.pdf\" target=\"_blank\">\n\t\t\t\t\t\t\t\t<h4 class=\"pp-info-box-title\">\n\t\t\t\t\t\t\t\t\tClick here to download the PDF\t\t\t\t\t\t\t\t<\/h4>\n\t\t\t\t\t\t\t<\/a>\n\t\t\t\t\t\t\t\t\t\t\t\t<\/div>\n\n\t\t\t\t\t\n\t\t\t\t\t\t\t\t\t\t\t<div class=\"pp-info-box-description\">\n\t\t\t\t\t\t\t<p><span style=\"color: #99cc00;\"><strong>Consult products by line<\/strong><\/span><\/p>\t\t\t\t\t\t<\/div>\n\t\t\t\t\t\t\t\t\t\t\t\t\t\t<\/div>\n\t\t\t<\/div>\n\t\t<\/div>\n\t\t\t\t<\/div>\n\t\t\t\t<\/div>\n\t\t\t\t\t<\/div>\n\t\t<\/div>\n\t\t\t\t\t\t\t<\/div>\n\t\t<\/div>\n\t\t\t\t\t\t\t<\/div>","protected":false},"excerpt":{"rendered":"<p>0 Referencias de producto en 29 l\u00edneas 0 Millones de ampollas fabricadas por a\u00f1o 0 Pa\u00edses cubiertos en Am\u00e9rica latina HAZ CLIC AQU\u00cd Y DESCARGA EL PDF Consulta los productos por l\u00edneas<\/p>","protected":false},"author":1,"featured_media":0,"parent":0,"menu_order":0,"comment_status":"closed","ping_status":"closed","template":"tmpl\/template-fullwidth.php","meta":{"inline_featured_image":false,"footnotes":""},"class_list":["post-4305","page","type-page","status-publish","hentry"],"acf":[],"_links":{"self":[{"href":"https:\/\/biosano.cl\/en\/wp-json\/wp\/v2\/pages\/4305","targetHints":{"allow":["GET"]}}],"collection":[{"href":"https:\/\/biosano.cl\/en\/wp-json\/wp\/v2\/pages"}],"about":[{"href":"https:\/\/biosano.cl\/en\/wp-json\/wp\/v2\/types\/page"}],"author":[{"embeddable":true,"href":"https:\/\/biosano.cl\/en\/wp-json\/wp\/v2\/users\/1"}],"replies":[{"embeddable":true,"href":"https:\/\/biosano.cl\/en\/wp-json\/wp\/v2\/comments?post=4305"}],"version-history":[{"count":19,"href":"https:\/\/biosano.cl\/en\/wp-json\/wp\/v2\/pages\/4305\/revisions"}],"predecessor-version":[{"id":4416,"href":"https:\/\/biosano.cl\/en\/wp-json\/wp\/v2\/pages\/4305\/revisions\/4416"}],"wp:attachment":[{"href":"https:\/\/biosano.cl\/en\/wp-json\/wp\/v2\/media?parent=4305"}],"curies":[{"name":"wp","href":"https:\/\/api.w.org\/{rel}","templated":true}]}}